{"id":116,"date":"2025-08-28T10:51:28","date_gmt":"2025-08-28T10:51:28","guid":{"rendered":"https:\/\/xn--fr-zh-kva.ch\/FUER\/?page_id=116"},"modified":"2025-09-04T17:07:08","modified_gmt":"2025-09-04T17:07:08","slug":"service","status":"publish","type":"page","link":"https:\/\/xn--fr-zh-kva.ch\/FUER\/service\/","title":{"rendered":"SERVICE"},"content":{"rendered":"<div class=\"wpb-content-wrapper\"><p>[vc_row][vc_column][vc_empty_space][\/vc_column][\/vc_row][vc_row][vc_column css_animation=&#8221;bounceInDown&#8221;][vc_column_text css=&#8221;&#8221;]<\/p>\n<p style=\"text-align: left;\"><strong>Ihr Bau-Partner \u2013 rund um die Uhr und dar\u00fcber hinaus<\/strong><\/p>\n<p class=\"ds-markdown-paragraph\" style=\"text-align: left;\">Bei uns steht der Kunde im Mittelpunkt \u2013 nicht nur w\u00e4hrend der Bauphase, sondern ein Leben lang. Als inhabergef\u00fchrte Firma garantieren wir echte <strong>Kundenn\u00e4he<\/strong> und pers\u00f6nliche Betreuung durch den Chef h\u00f6chstpers\u00f6nlich.<\/p>\n<p class=\"ds-markdown-paragraph\" style=\"text-align: left;\"><strong>Das bieten wir Ihnen:<\/strong><br \/>\n<b>\u2022<\/b> <strong>24-Stunden-Pikettdienst<\/strong> \u2013 Unser Inhaber ist f\u00fcr Sie da, wenn\u2019s brennt. Egal ob Wochenende oder Feiertag.<br \/>\n<strong><b>\u2022 <\/b>Pers\u00f6nliche Betreuung<\/strong> \u2013 Keine Callcenter, kein Durchreichen \u2013 Sie sprechen direkt mit dem Entscheider.<br \/>\n<b>\u2022<\/b> <strong>Langfristige Partnerschaft<\/strong> \u2013 Auch nach Abschluss der Arbeiten und Ablauf der Garantien lassen wir Sie nicht im Stich.<\/p>\n<p class=\"ds-markdown-paragraph\" style=\"text-align: left;\"><strong>Ihre Zufriedenheit ist unser Ma\u00dfstab<\/strong> \u2013 heute, morgen und in vielen Jahren noch.<\/p>\n<p class=\"ds-markdown-paragraph\" style=\"text-align: left;\">\u27a1 Sie haben Fragen oder ein dringendes Anliegen? Rufen Sie uns einfach an: <a href=\"tel:+4177 266 07 77\">077 266 07 77<\/a><\/p>\n<p>[\/vc_column_text][\/vc_column][\/vc_row]<\/p>\n<\/div>","protected":false},"excerpt":{"rendered":"<p>[vc_row][vc_column][vc_empty_space][\/vc_column][\/vc_row][vc_row][vc_column css_animation=&#8221;bounceInDown&#8221;][vc_column_text css=&#8221;&#8221;] Ihr Bau-Partner \u2013 rund um die Uhr und dar\u00fcber hinaus Bei uns steht der Kunde im Mittelpunkt \u2013 nicht nur w\u00e4hrend der Bauphase, sondern ein Leben lang. Als inhabergef\u00fchrte Firma garantieren wir echte Kundenn\u00e4he und pers\u00f6nliche Betreuung durch den Chef h\u00f6chstpers\u00f6nlich. Das bieten wir Ihnen: \u2022 24-Stunden-Pikettdienst \u2013 Unser Inhaber ist f\u00fcr [&hellip;]<\/p>\n","protected":false},"author":1,"featured_media":0,"parent":0,"menu_order":0,"comment_status":"closed","ping_status":"closed","template":"","meta":{"footnotes":""},"class_list":["post-116","page","type-page","status-publish","hentry"],"_links":{"self":[{"href":"https:\/\/xn--fr-zh-kva.ch\/FUER\/wp-json\/wp\/v2\/pages\/116","targetHints":{"allow":["GET"]}}],"collection":[{"href":"https:\/\/xn--fr-zh-kva.ch\/FUER\/wp-json\/wp\/v2\/pages"}],"about":[{"href":"https:\/\/xn--fr-zh-kva.ch\/FUER\/wp-json\/wp\/v2\/types\/page"}],"author":[{"embeddable":true,"href":"https:\/\/xn--fr-zh-kva.ch\/FUER\/wp-json\/wp\/v2\/users\/1"}],"replies":[{"embeddable":true,"href":"https:\/\/xn--fr-zh-kva.ch\/FUER\/wp-json\/wp\/v2\/comments?post=116"}],"version-history":[{"count":16,"href":"https:\/\/xn--fr-zh-kva.ch\/FUER\/wp-json\/wp\/v2\/pages\/116\/revisions"}],"predecessor-version":[{"id":430,"href":"https:\/\/xn--fr-zh-kva.ch\/FUER\/wp-json\/wp\/v2\/pages\/116\/revisions\/430"}],"wp:attachment":[{"href":"https:\/\/xn--fr-zh-kva.ch\/FUER\/wp-json\/wp\/v2\/media?parent=116"}],"curies":[{"name":"wp","href":"https:\/\/api.w.org\/{rel}","templated":true}]}}