{"id":113,"date":"2025-08-28T10:50:51","date_gmt":"2025-08-28T10:50:51","guid":{"rendered":"https:\/\/xn--fr-zh-kva.ch\/FUER\/?page_id=113"},"modified":"2025-08-29T10:24:45","modified_gmt":"2025-08-29T10:24:45","slug":"kontakt","status":"publish","type":"page","link":"https:\/\/xn--fr-zh-kva.ch\/FUER\/kontakt\/","title":{"rendered":"KONTAKT"},"content":{"rendered":"<div class=\"wpb-content-wrapper\"><p>[vc_row][vc_column][vc_goo_maps location=&#8221;Kreuzb\u00fchlstrasse 20, 8008 Z\u00fcrich&#8221; zoom=&#8221;18&#8243; type=&#8221;k&#8221; css_animation=&#8221;bounceInDown&#8221; css=&#8221;&#8221;][vc_column_text css=&#8221;&#8221;]KONTAKT[\/vc_column_text][\/vc_column][\/vc_row][vc_row][vc_column width=&#8221;1\/2&#8243;][vc_column_text css_animation=&#8221;bounceInDown&#8221; css=&#8221;&#8221;]<\/p>\n<h3>F\u00fcr GmbH<\/h3>\n<p>Kreuzb\u00fchlstrasse 20<br \/>\nCH-8008 Z\u00fcrich<\/p>\n<p>Telefon: <a href=\"tel:+41772660777\">077 266 07 77<\/a><br \/>\nE-Mail: <a href=\"mailto:info@f\u00fcr-zh.ch\">info@f\u00fcr-zh.ch<\/a><\/p>\n<p>UID: CHE-223.127.701<br \/>\nCH-ID: CH-020-4087782-6[\/vc_column_text][\/vc_column][vc_column width=&#8221;1\/2&#8243;]\n<div class=\"wpcf7 no-js\" id=\"wpcf7-f7-o1\" lang=\"en-US\" dir=\"ltr\" data-wpcf7-id=\"7\">\n<div class=\"screen-reader-response\"><p role=\"status\" aria-live=\"polite\" aria-atomic=\"true\"><\/p> <ul><\/ul><\/div>\n<form action=\"\/FUER\/wp-json\/wp\/v2\/pages\/113#wpcf7-f7-o1\" method=\"post\" class=\"wpcf7-form init\" aria-label=\"Contact form\" novalidate=\"novalidate\" data-status=\"init\">\n<fieldset class=\"hidden-fields-container\"><input type=\"hidden\" name=\"_wpcf7\" value=\"7\" \/><input type=\"hidden\" name=\"_wpcf7_version\" value=\"6.1.1\" \/><input type=\"hidden\" name=\"_wpcf7_locale\" value=\"en_US\" \/><input type=\"hidden\" name=\"_wpcf7_unit_tag\" value=\"wpcf7-f7-o1\" \/><input type=\"hidden\" name=\"_wpcf7_container_post\" value=\"0\" \/><input type=\"hidden\" name=\"_wpcf7_posted_data_hash\" value=\"\" \/>\n<\/fieldset>\n<div class=\"wpcf7-response-output\" aria-hidden=\"true\"><\/div>\n<div class=\"row\">\n    <div class=\"col-lg-12\"><span class=\"wpcf7-form-control-wrap\" data-name=\"your-name\"><input size=\"40\" maxlength=\"400\" class=\"wpcf7-form-control wpcf7-text wpcf7-validates-as-required\" aria-required=\"true\" aria-invalid=\"false\" placeholder=\"Ihr Name *\" value=\"\" type=\"text\" name=\"your-name\" \/><\/span><\/div>\n    <div class=\"col-lg-12\"><span class=\"wpcf7-form-control-wrap\" data-name=\"your-email\"><input size=\"40\" maxlength=\"400\" class=\"wpcf7-form-control wpcf7-email wpcf7-validates-as-required wpcf7-text wpcf7-validates-as-email\" aria-required=\"true\" aria-invalid=\"false\" placeholder=\"Ihre Email-Adresse *\" value=\"\" type=\"email\" name=\"your-email\" \/><\/span><\/div>\n    <div class=\"col-lg-12\"><span class=\"wpcf7-form-control-wrap\" data-name=\"your-message\"><textarea cols=\"40\" rows=\"10\" maxlength=\"2000\" class=\"wpcf7-form-control wpcf7-textarea\" aria-invalid=\"false\" placeholder=\"Ihre Nachricht\" name=\"your-message\"><\/textarea><\/span><\/div>\n    <div class=\"col-lg-12\">\n        <input class=\"wpcf7-form-control wpcf7-submit has-spinner btn\" type=\"submit\" value=\"NACHRICHT SENDEN\" \/>\n    <\/div>\n<\/div>\n<\/form>\n<\/div>\n[\/vc_column][\/vc_row]<\/p>\n<\/div>","protected":false},"excerpt":{"rendered":"<p>[vc_row][vc_column][vc_goo_maps location=&#8221;Kreuzb\u00fchlstrasse 20, 8008 Z\u00fcrich&#8221; zoom=&#8221;18&#8243; type=&#8221;k&#8221; css_animation=&#8221;bounceInDown&#8221; css=&#8221;&#8221;][vc_column_text css=&#8221;&#8221;]KONTAKT[\/vc_column_text][\/vc_column][\/vc_row][vc_row][vc_column width=&#8221;1\/2&#8243;][vc_column_text css_animation=&#8221;bounceInDown&#8221; css=&#8221;&#8221;] F\u00fcr GmbH Kreuzb\u00fchlstrasse 20 CH-8008 Z\u00fcrich Telefon: 077 266 07 77 E-Mail: info@f\u00fcr-zh.ch UID: CHE-223.127.701 CH-ID: CH-020-4087782-6[\/vc_column_text][\/vc_column][vc_column width=&#8221;1\/2&#8243;][\/vc_column][\/vc_row]<\/p>\n","protected":false},"author":1,"featured_media":0,"parent":0,"menu_order":0,"comment_status":"closed","ping_status":"closed","template":"","meta":{"footnotes":""},"class_list":["post-113","page","type-page","status-publish","hentry"],"_links":{"self":[{"href":"https:\/\/xn--fr-zh-kva.ch\/FUER\/wp-json\/wp\/v2\/pages\/113","targetHints":{"allow":["GET"]}}],"collection":[{"href":"https:\/\/xn--fr-zh-kva.ch\/FUER\/wp-json\/wp\/v2\/pages"}],"about":[{"href":"https:\/\/xn--fr-zh-kva.ch\/FUER\/wp-json\/wp\/v2\/types\/page"}],"author":[{"embeddable":true,"href":"https:\/\/xn--fr-zh-kva.ch\/FUER\/wp-json\/wp\/v2\/users\/1"}],"replies":[{"embeddable":true,"href":"https:\/\/xn--fr-zh-kva.ch\/FUER\/wp-json\/wp\/v2\/comments?post=113"}],"version-history":[{"count":4,"href":"https:\/\/xn--fr-zh-kva.ch\/FUER\/wp-json\/wp\/v2\/pages\/113\/revisions"}],"predecessor-version":[{"id":424,"href":"https:\/\/xn--fr-zh-kva.ch\/FUER\/wp-json\/wp\/v2\/pages\/113\/revisions\/424"}],"wp:attachment":[{"href":"https:\/\/xn--fr-zh-kva.ch\/FUER\/wp-json\/wp\/v2\/media?parent=113"}],"curies":[{"name":"wp","href":"https:\/\/api.w.org\/{rel}","templated":true}]}}